{"id":5,"date":"2015-12-10T09:26:35","date_gmt":"2015-12-10T09:26:35","guid":{"rendered":"http:\/\/csklangkunst.lima-city.de\/?page_id=2"},"modified":"2024-03-12T17:28:01","modified_gmt":"2024-03-12T17:28:01","slug":"about","status":"publish","type":"page","link":"https:\/\/christoph-schumacher-klangkunst.de\/","title":{"rendered":"Diese Seiten im Internet geben einen Einblick in mein k\u00fcnstlerisches Schaffen. Ich freue mich auf Ihre Neugier."},"content":{"rendered":"\n<p>&#8222;Christoph Schumacher ist ein phantasiereicher und feinschwingender Trommel- und Klangk\u00fcnstler, der nicht zuletzt durch seine vielen Auslandsstudien \u00fcber ein breites stilistisches Spektrum verf\u00fcgt, das von Weltmusik \u00fcber Jazz und Rock bis hin zu meditativen Klanggem\u00e4lden reicht.&#8220;<\/p>\n\n\n\n<p>Zahlreiche CDs sind unter seiner Beteiligung entstanden. Begleitende und Lehrende T\u00e4tigkeit z.B. f\u00fcr das Tanzatelier \u00bbSubsTanz\u00ab in der Schweiz, Theater Bitze Bonn, IPTanz, KultCrossing und Kultur und Schule in K\u00f6ln.<\/p>\n","protected":false},"excerpt":{"rendered":"<p>&#8222;Christoph Schumacher ist ein phantasiereicher und feinschwingender Trommel- und Klangk\u00fcnstler, der nicht zuletzt durch seine vielen Auslandsstudien \u00fcber ein breites stilistisches Spektrum verf\u00fcgt, das von Weltmusik \u00fcber Jazz und Rock bis hin zu meditativen Klanggem\u00e4lden reicht.&#8220; Zahlreiche CDs sind unter &hellip; <a href=\"https:\/\/christoph-schumacher-klangkunst.de\/\">Weiterlesen <span class=\"meta-nav\">&rarr;<\/span><\/a><\/p>\n","protected":false},"author":1,"featured_media":0,"parent":0,"menu_order":0,"comment_status":"closed","ping_status":"closed","template":"","meta":{"footnotes":""},"class_list":["post-5","page","type-page","status-publish","hentry"],"_links":{"self":[{"href":"https:\/\/christoph-schumacher-klangkunst.de\/index.php?rest_route=\/wp\/v2\/pages\/5","targetHints":{"allow":["GET"]}}],"collection":[{"href":"https:\/\/christoph-schumacher-klangkunst.de\/index.php?rest_route=\/wp\/v2\/pages"}],"about":[{"href":"https:\/\/christoph-schumacher-klangkunst.de\/index.php?rest_route=\/wp\/v2\/types\/page"}],"author":[{"embeddable":true,"href":"https:\/\/christoph-schumacher-klangkunst.de\/index.php?rest_route=\/wp\/v2\/users\/1"}],"replies":[{"embeddable":true,"href":"https:\/\/christoph-schumacher-klangkunst.de\/index.php?rest_route=%2Fwp%2Fv2%2Fcomments&post=5"}],"version-history":[{"count":8,"href":"https:\/\/christoph-schumacher-klangkunst.de\/index.php?rest_route=\/wp\/v2\/pages\/5\/revisions"}],"predecessor-version":[{"id":320,"href":"https:\/\/christoph-schumacher-klangkunst.de\/index.php?rest_route=\/wp\/v2\/pages\/5\/revisions\/320"}],"wp:attachment":[{"href":"https:\/\/christoph-schumacher-klangkunst.de\/index.php?rest_route=%2Fwp%2Fv2%2Fmedia&parent=5"}],"curies":[{"name":"wp","href":"https:\/\/api.w.org\/{rel}","templated":true}]}}