{"id":31,"date":"2016-03-04T19:57:05","date_gmt":"2016-03-04T19:57:05","guid":{"rendered":"http:\/\/csklangkunst.lima-city.de\/?page_id=31"},"modified":"2016-03-04T19:57:05","modified_gmt":"2016-03-04T19:57:05","slug":"tonstudio","status":"publish","type":"page","link":"https:\/\/christoph-schumacher-klangkunst.de\/?page_id=31","title":{"rendered":"Tonstudio"},"content":{"rendered":"<p>Im S\u00fcden K\u00f6lns, in Raderthal, liegt das Studio \u201eKlangkunst Christoph Schumacher\u201c, das auf akustische Musik spezialisiert ist. Hier finden neben kleineren Musikaufnahmen auch Sprachaufnahmen (z.B. f\u00fcr M\u00e4rchen) statt.<br \/>\nF\u00fcr gr\u00f6\u00dfere Gruppen (Band, Chor etc.) besteht die M\u00f6glichkeit einer mobilen Aufnahme, sei es in einem Proberaum, in einer Kirche oder in einem anderen geeigneten Raum. Die Nachbearbeitung sowie das Mastering findet dann wiederum in meinen R\u00e4umlichkeiten statt.<\/p>\n<p>Grunds\u00e4tzlich biete ich die M\u00f6glichkeit, der professionellen Aufnahme bis hin zum Mastering. Zugleich besteht bei mir die M\u00f6glichkeit, in kleineren Mengen CDs inklusive Booklet herstellen zu lassen (z.B. f\u00fcr Ch\u00f6re zum Selbstvertrieb).<\/p>\n","protected":false},"excerpt":{"rendered":"<p>Im S\u00fcden K\u00f6lns, in Raderthal, liegt das Studio \u201eKlangkunst Christoph Schumacher\u201c, das auf akustische Musik spezialisiert ist. Hier finden neben kleineren Musikaufnahmen auch Sprachaufnahmen (z.B. f\u00fcr M\u00e4rchen) statt. F\u00fcr gr\u00f6\u00dfere Gruppen (Band, Chor etc.) besteht die M\u00f6glichkeit einer mobilen Aufnahme, &hellip; <a href=\"https:\/\/christoph-schumacher-klangkunst.de\/?page_id=31\">Weiterlesen <span class=\"meta-nav\">&rarr;<\/span><\/a><\/p>\n","protected":false},"author":1,"featured_media":0,"parent":5,"menu_order":1,"comment_status":"closed","ping_status":"closed","template":"","meta":{"footnotes":""},"class_list":["post-31","page","type-page","status-publish","hentry"],"_links":{"self":[{"href":"https:\/\/christoph-schumacher-klangkunst.de\/index.php?rest_route=\/wp\/v2\/pages\/31","targetHints":{"allow":["GET"]}}],"collection":[{"href":"https:\/\/christoph-schumacher-klangkunst.de\/index.php?rest_route=\/wp\/v2\/pages"}],"about":[{"href":"https:\/\/christoph-schumacher-klangkunst.de\/index.php?rest_route=\/wp\/v2\/types\/page"}],"author":[{"embeddable":true,"href":"https:\/\/christoph-schumacher-klangkunst.de\/index.php?rest_route=\/wp\/v2\/users\/1"}],"replies":[{"embeddable":true,"href":"https:\/\/christoph-schumacher-klangkunst.de\/index.php?rest_route=%2Fwp%2Fv2%2Fcomments&post=31"}],"version-history":[{"count":0,"href":"https:\/\/christoph-schumacher-klangkunst.de\/index.php?rest_route=\/wp\/v2\/pages\/31\/revisions"}],"up":[{"embeddable":true,"href":"https:\/\/christoph-schumacher-klangkunst.de\/index.php?rest_route=\/wp\/v2\/pages\/5"}],"wp:attachment":[{"href":"https:\/\/christoph-schumacher-klangkunst.de\/index.php?rest_route=%2Fwp%2Fv2%2Fmedia&parent=31"}],"curies":[{"name":"wp","href":"https:\/\/api.w.org\/{rel}","templated":true}]}}