{"id":301,"date":"2024-03-12T16:29:34","date_gmt":"2024-03-12T16:29:34","guid":{"rendered":"http:\/\/christoph-schumacher-klangkunst.de\/?page_id=301"},"modified":"2024-03-12T16:29:34","modified_gmt":"2024-03-12T16:29:34","slug":"klangkunst-studio","status":"publish","type":"page","link":"https:\/\/christoph-schumacher-klangkunst.de\/?page_id=301","title":{"rendered":"Klangkunst Studio"},"content":{"rendered":"\n<p>Seit 2002 steht mir ein Heimstudio mit einem 30 m\u00b2 gro\u00dfen Wohnzimmer-Aufnahmeraum und einer halb so gro\u00dfen Regie zur Verf\u00fcgung. Beide R\u00e4ume im Erdgescho\u00df mit entsprechend Schallged\u00e4mmten Fenstern und T\u00fcren und einer Sichtverbindung durch ein professionelles Studiofenster. Hier sind schon viele meiner Audioproduktionen entstanden oder wurden hier abgemischt und zur CD-Reife gebracht. Die pers\u00f6nliche Betreuung und individuelle Vorgehensweise tr\u00e4gt dabei massgeblich zu einem klanglich, eindr\u00fccklichem Ergebnis bei.<\/p>\n\n\n\n<p>Mein Anspruch ist dabei immer der original Klang mit dem Focus auf die Pers\u00f6nlichkeit der Musikerin oder des Musikers, weshalb ich mich auf akustische Musik und Vokale Kunst spezialisiert habe.<\/p>\n","protected":false},"excerpt":{"rendered":"<p>Seit 2002 steht mir ein Heimstudio mit einem 30 m\u00b2 gro\u00dfen Wohnzimmer-Aufnahmeraum und einer halb so gro\u00dfen Regie zur Verf\u00fcgung. Beide R\u00e4ume im Erdgescho\u00df mit entsprechend Schallged\u00e4mmten Fenstern und T\u00fcren und einer Sichtverbindung durch ein professionelles Studiofenster. Hier sind schon &hellip; <a href=\"https:\/\/christoph-schumacher-klangkunst.de\/?page_id=301\">Weiterlesen <span class=\"meta-nav\">&rarr;<\/span><\/a><\/p>\n","protected":false},"author":1,"featured_media":0,"parent":0,"menu_order":0,"comment_status":"closed","ping_status":"closed","template":"","meta":{"footnotes":""},"class_list":["post-301","page","type-page","status-publish","hentry"],"_links":{"self":[{"href":"https:\/\/christoph-schumacher-klangkunst.de\/index.php?rest_route=\/wp\/v2\/pages\/301","targetHints":{"allow":["GET"]}}],"collection":[{"href":"https:\/\/christoph-schumacher-klangkunst.de\/index.php?rest_route=\/wp\/v2\/pages"}],"about":[{"href":"https:\/\/christoph-schumacher-klangkunst.de\/index.php?rest_route=\/wp\/v2\/types\/page"}],"author":[{"embeddable":true,"href":"https:\/\/christoph-schumacher-klangkunst.de\/index.php?rest_route=\/wp\/v2\/users\/1"}],"replies":[{"embeddable":true,"href":"https:\/\/christoph-schumacher-klangkunst.de\/index.php?rest_route=%2Fwp%2Fv2%2Fcomments&post=301"}],"version-history":[{"count":1,"href":"https:\/\/christoph-schumacher-klangkunst.de\/index.php?rest_route=\/wp\/v2\/pages\/301\/revisions"}],"predecessor-version":[{"id":302,"href":"https:\/\/christoph-schumacher-klangkunst.de\/index.php?rest_route=\/wp\/v2\/pages\/301\/revisions\/302"}],"wp:attachment":[{"href":"https:\/\/christoph-schumacher-klangkunst.de\/index.php?rest_route=%2Fwp%2Fv2%2Fmedia&parent=301"}],"curies":[{"name":"wp","href":"https:\/\/api.w.org\/{rel}","templated":true}]}}