{"id":275,"date":"2024-03-12T13:49:43","date_gmt":"2024-03-12T13:49:43","guid":{"rendered":"http:\/\/christoph-schumacher-klangkunst.de\/?page_id=275"},"modified":"2024-03-12T15:19:49","modified_gmt":"2024-03-12T15:19:49","slug":"ulrich-kisters","status":"publish","type":"page","link":"https:\/\/christoph-schumacher-klangkunst.de\/?page_id=275","title":{"rendered":"Ulrich Kisters"},"content":{"rendered":"\n<h2 class=\"wp-block-heading\">Die Reise nach Singala \u2013 Musiktheater zum Mitmachen<\/h2>\n\n\n\n<figure class=\"wp-block-image size-full\"><img loading=\"lazy\" decoding=\"async\" width=\"1005\" height=\"671\" src=\"http:\/\/christoph-schumacher-klangkunst.de\/wp-content\/uploads\/2024\/03\/Singala_Bild_1.jpg\" alt=\"\" class=\"wp-image-294\" srcset=\"https:\/\/christoph-schumacher-klangkunst.de\/wp-content\/uploads\/2024\/03\/Singala_Bild_1.jpg 1005w, https:\/\/christoph-schumacher-klangkunst.de\/wp-content\/uploads\/2024\/03\/Singala_Bild_1-300x200.jpg 300w, https:\/\/christoph-schumacher-klangkunst.de\/wp-content\/uploads\/2024\/03\/Singala_Bild_1-768x513.jpg 768w, https:\/\/christoph-schumacher-klangkunst.de\/wp-content\/uploads\/2024\/03\/Singala_Bild_1-449x300.jpg 449w\" sizes=\"auto, (max-width: 1005px) 100vw, 1005px\" \/><\/figure>\n\n\n\n<p>Foto: Robert H\u00fcsch<\/p>\n\n\n\n<p>Ein tanzender Troll, wilde H\u00f6hlengeister, klingende Gurken und ein singender Sultan erwarten die Reisenden im fernen und wunderbaren Land Singala.&nbsp;Wie man dort hinkommt? Mit einem fliegenden Teppich nat\u00fcrlich! Allerdings bewegt sich dieser Teppich keinen Zentimeter ohne die musikalische Unterst\u00fctzung der Zuh\u00f6rer\u2026<\/p>\n\n\n\n<p>Mit witzigen Songs, Musiktheater und stimmungsvollen Improvisationen&nbsp; entf\u00fchren die Musiker das Publikum in ein farbiges Land der Kl\u00e4nge und der Phantasie.&nbsp;Viele Animationen laden ganz nat\u00fcrlich zum Mitsingen und Mitmachen ein.<\/p>\n\n\n\n<ul class=\"wp-block-list\">\n<li><strong><a href=\"http:\/\/kinderkonzerte.ulrichkisters.de\/musikerinnen-und-musiker\/#annette-maye\">Annette Maye<\/a> \u2013<\/strong> Klarinetten, Gesang<\/li>\n\n\n\n<li><a href=\"http:\/\/kinderkonzerte.ulrichkisters.de\/musikerinnen-und-musiker\/#ulrich-kisters\"><strong>Ulrich Kisters<\/strong><\/a> \u2013 Gesang, Akkordeon, Text und Musik<\/li>\n\n\n\n<li><a href=\"http:\/\/kinderkonzerte.ulrichkisters.de\/musikerinnen-und-musiker\/#martin-k\u00fcbert\"><strong>Martin K\u00fcbert<\/strong><\/a> \u2013 Klavier<\/li>\n\n\n\n<li><a href=\"http:\/\/kinderkonzerte.ulrichkisters.de\/musikerinnen-und-musiker\/#christoph-schumacher\"><strong>Christoph Schumacher<\/strong><\/a>&nbsp; \u2013&nbsp; Percussion, Gesang<\/li>\n<\/ul>\n\n\n\n<p>Ein inszeniertes Konzert mit einer einfachen Rahmengeschichte, bei der das Publikum eine tragende Rolle spielt: Sultan Singolo hat seine Stimme verloren und wenn die Kinder drei Aufgaben l\u00f6sen, bekommt er sie wieder!<\/p>\n\n\n\n<figure class=\"wp-block-embed is-type-video is-provider-youtube wp-block-embed-youtube wp-embed-aspect-16-9 wp-has-aspect-ratio\"><div class=\"wp-block-embed__wrapper\">\n<iframe loading=\"lazy\" title=\"Die Reise nach Singala - Familienkonzert\" width=\"584\" height=\"329\" src=\"https:\/\/www.youtube.com\/embed\/VhPdEZKZ3Tc?feature=oembed\" frameborder=\"0\" allow=\"accelerometer; autoplay; clipboard-write; encrypted-media; gyroscope; picture-in-picture; web-share\" referrerpolicy=\"strict-origin-when-cross-origin\" allowfullscreen><\/iframe>\n<\/div><figcaption class=\"wp-element-caption\">Die Reise nach Singala &#8211; Musiktheater zum Mitmachen f\u00fcr 4 &#8211; 99 j\u00e4hrige www.singala.de Ulrich Kisters &#8211; Stimme, Gesang, Akkordeon Annette Maye &#8211; Klarinetten, Gesang Martin K\u00fcbert &#8211; Klavier Christoph Schumacher &#8211; Percussion, Stimme live in der Kaiser-Friedrich-Halle M\u00f6nchengladbach am 22.6.13 , Familienkonzert im Rahmen der Ensemblia &#8211; Festival f\u00fcr zeitgen\u00f6ssische Musik<\/figcaption><\/figure>\n","protected":false},"excerpt":{"rendered":"<p>Die Reise nach Singala \u2013 Musiktheater zum Mitmachen Foto: Robert H\u00fcsch Ein tanzender Troll, wilde H\u00f6hlengeister, klingende Gurken und ein singender Sultan erwarten die Reisenden im fernen und wunderbaren Land Singala.&nbsp;Wie man dort hinkommt? Mit einem fliegenden Teppich nat\u00fcrlich! Allerdings &hellip; <a href=\"https:\/\/christoph-schumacher-klangkunst.de\/?page_id=275\">Weiterlesen <span class=\"meta-nav\">&rarr;<\/span><\/a><\/p>\n","protected":false},"author":1,"featured_media":0,"parent":0,"menu_order":0,"comment_status":"closed","ping_status":"closed","template":"","meta":{"footnotes":""},"class_list":["post-275","page","type-page","status-publish","hentry"],"_links":{"self":[{"href":"https:\/\/christoph-schumacher-klangkunst.de\/index.php?rest_route=\/wp\/v2\/pages\/275","targetHints":{"allow":["GET"]}}],"collection":[{"href":"https:\/\/christoph-schumacher-klangkunst.de\/index.php?rest_route=\/wp\/v2\/pages"}],"about":[{"href":"https:\/\/christoph-schumacher-klangkunst.de\/index.php?rest_route=\/wp\/v2\/types\/page"}],"author":[{"embeddable":true,"href":"https:\/\/christoph-schumacher-klangkunst.de\/index.php?rest_route=\/wp\/v2\/users\/1"}],"replies":[{"embeddable":true,"href":"https:\/\/christoph-schumacher-klangkunst.de\/index.php?rest_route=%2Fwp%2Fv2%2Fcomments&post=275"}],"version-history":[{"count":3,"href":"https:\/\/christoph-schumacher-klangkunst.de\/index.php?rest_route=\/wp\/v2\/pages\/275\/revisions"}],"predecessor-version":[{"id":295,"href":"https:\/\/christoph-schumacher-klangkunst.de\/index.php?rest_route=\/wp\/v2\/pages\/275\/revisions\/295"}],"wp:attachment":[{"href":"https:\/\/christoph-schumacher-klangkunst.de\/index.php?rest_route=%2Fwp%2Fv2%2Fmedia&parent=275"}],"curies":[{"name":"wp","href":"https:\/\/api.w.org\/{rel}","templated":true}]}}