{"id":164,"date":"2018-09-17T07:35:14","date_gmt":"2018-09-17T07:35:14","guid":{"rendered":"http:\/\/christoph-schumacher-klangkunst.de\/?page_id=164"},"modified":"2018-09-18T07:35:17","modified_gmt":"2018-09-18T07:35:17","slug":"bodymusic","status":"publish","type":"page","link":"https:\/\/christoph-schumacher-klangkunst.de\/?page_id=164","title":{"rendered":"Bodymusic"},"content":{"rendered":"<p>\u201eBodymusic\u201c bedeutet, mit dem K\u00f6rper Musik zu machen, und zwar ohne ein Instrument zu Hilfe zu nehmen.<\/p>\n<p>Vor etlichen Jahren lernte ich den brasilianischen Musiker Fernando Barba und seine Arbeit mit Gruppen kennen. Er entwickelte eine neue Form der musikalischen Kommunikation \u00fcber Sprach- und Kulturgrenzen hinweg, die alle akustischen M\u00f6glichkeiten des K\u00f6rpers nutzt. Seit dem Besuch zweier Intensiv-Seminare f\u00fcr Multiplikatoren mit Fernando Barba, setze ich seine Methode erfolgreich in der Kinder-, Jugend- und Erwachsenenbildung ein.<\/p>\n<p>Spielerisch lernen die Teilnehmer, verschiedenste Kl\u00e4nge mit Ihrem K\u00f6rper zu erzeugen. Dies reicht von bekannteren Ger\u00e4uschen der Bodypercussion \u00fcber den Gebrauch der Stimme bis hin zum \u201eBeatboxing\u201c. Die Erzeugung bzw. die Erforschung der K\u00f6rperkl\u00e4nge findet im gegenseitigen Austausch statt. Jede und Jeder bringt sich mit seinen individuellen Kl\u00e4ngen ein und ist am \u201eLernerfolg\u201c der Gruppe beteiligt. In der kreativen Umsetzung der Kl\u00e4nge kommt der zweite Schwerpunkt ins Spiel. Das Element der Improvisation. Einfache Strukturen erm\u00f6glichen einen freien Umgang mit den verschiedenen Kl\u00e4ngen der \u201eBodymusik\u201c. Neben dem gemeinsamen \u201cMusizieren\u201c stehen Spiel, Spa\u00df und Experimentierfreude im Vordergrund. Sowohl die Gruppe als auch jeder Einzelne sollen gest\u00e4rkt aus dem Workshop hervorgehen.<\/p>\n<p><a href=\"http:\/\/christoph-schumacher-klangkunst.de\/wp-content\/uploads\/2018\/09\/Der-Koerper-ist-das-Instrument-2010.pdf\">Der Koerper ist das Instrument 2010<\/a><\/p>\n<p><a href=\"http:\/\/christoph-schumacher-klangkunst.de\/wp-content\/uploads\/2018\/09\/2013-11-20-K\u00f6lner-Wochenspiegel_Bodymusic-Brasil.pdf\">2013-11-20 K\u00f6lner Wochenspiegel_Bodymusic Brasil<\/a><\/p>\n","protected":false},"excerpt":{"rendered":"<p>\u201eBodymusic\u201c bedeutet, mit dem K\u00f6rper Musik zu machen, und zwar ohne ein Instrument zu Hilfe zu nehmen. Vor etlichen Jahren lernte ich den brasilianischen Musiker Fernando Barba und seine Arbeit mit Gruppen kennen. Er entwickelte eine neue Form der musikalischen &hellip; <a href=\"https:\/\/christoph-schumacher-klangkunst.de\/?page_id=164\">Weiterlesen <span class=\"meta-nav\">&rarr;<\/span><\/a><\/p>\n","protected":false},"author":1,"featured_media":0,"parent":0,"menu_order":0,"comment_status":"closed","ping_status":"closed","template":"","meta":{"footnotes":""},"class_list":["post-164","page","type-page","status-publish","hentry"],"_links":{"self":[{"href":"https:\/\/christoph-schumacher-klangkunst.de\/index.php?rest_route=\/wp\/v2\/pages\/164","targetHints":{"allow":["GET"]}}],"collection":[{"href":"https:\/\/christoph-schumacher-klangkunst.de\/index.php?rest_route=\/wp\/v2\/pages"}],"about":[{"href":"https:\/\/christoph-schumacher-klangkunst.de\/index.php?rest_route=\/wp\/v2\/types\/page"}],"author":[{"embeddable":true,"href":"https:\/\/christoph-schumacher-klangkunst.de\/index.php?rest_route=\/wp\/v2\/users\/1"}],"replies":[{"embeddable":true,"href":"https:\/\/christoph-schumacher-klangkunst.de\/index.php?rest_route=%2Fwp%2Fv2%2Fcomments&post=164"}],"version-history":[{"count":4,"href":"https:\/\/christoph-schumacher-klangkunst.de\/index.php?rest_route=\/wp\/v2\/pages\/164\/revisions"}],"predecessor-version":[{"id":186,"href":"https:\/\/christoph-schumacher-klangkunst.de\/index.php?rest_route=\/wp\/v2\/pages\/164\/revisions\/186"}],"wp:attachment":[{"href":"https:\/\/christoph-schumacher-klangkunst.de\/index.php?rest_route=%2Fwp%2Fv2%2Fmedia&parent=164"}],"curies":[{"name":"wp","href":"https:\/\/api.w.org\/{rel}","templated":true}]}}