{"id":149,"date":"2018-09-16T19:37:22","date_gmt":"2018-09-16T19:37:22","guid":{"rendered":"http:\/\/christoph-schumacher-klangkunst.de\/?page_id=149"},"modified":"2018-09-18T07:31:23","modified_gmt":"2018-09-18T07:31:23","slug":"trommeln","status":"publish","type":"page","link":"https:\/\/christoph-schumacher-klangkunst.de\/?page_id=149","title":{"rendered":"Trommeln"},"content":{"rendered":"<p>Beispiel f\u00fcr einen \u201eKurzworkshop\u201c<\/p>\n<p>Workshop &#8222;Die Trommeln sprechen lassen\u201c<br \/>\nEine andere Art, miteinander zu kommunizieren<\/p>\n<p>Thema und Inhalt:<br \/>\nAfrika ist den meisten nur aus negativen Schlagzeilen bekannt, die einzigartige Kultur und Musiktradition finden bei uns ebenso wenig Beachtung. Dies soll sich mit diesem Workshop \u00e4ndern, der in seinen Mittelpunkt nicht die gesprochene Sprache, sondern die musikalische Kommunikation mittels Trommeln stellt.<br \/>\nDie TeilnehmerInnen lernen, die Kl\u00e4nge der Trommel als Sprache zu erfassen. Somit stehen weniger afrikanische Trommelrhythmen im Mittelpunkt als vielmehr einzelne \u201eTrommelversatzst\u00fccke\u201c, die dann wie ein Morsealphabet von den TeilnehmerInnen zusammengesetzt werden k\u00f6nnen. \u201eStille Post\u201c steht ebenso auf dem Programm wie \u201eCall and Response\u201c. Zum Einsatz kommen neben den bekannteren Djemb\u00e8-Trommeln auch weniger bekannte Trommeln aus Afrika.<\/p>\n<p>Ziele:<br \/>\n&#8211; Erfahren, dass es neben der gesprochenen Sprache und der non-verbalen Sprache noch ganz andere Formen der Kommunikation gibt<br \/>\n&#8211; Kennenlernen von Grundtechniken des Trommelspielens<br \/>\n&#8211; Anregung, genauer auf die Kl\u00e4nge der Trommel zu h\u00f6ren, um eine andere Ebene der Musikerfahrung zu erreichen und Spa\u00df und Freude am eigenen und gemeinschaftlichen Musizieren zu entwickeln<br \/>\n&#8211; St\u00e4rkung des Einzelnen und der Gruppe, da Trommelsprache auf einem Wechselspiel dieser beiden Komponenten beruht<\/p>\n<p><img loading=\"lazy\" decoding=\"async\" class=\"alignnone size-medium wp-image-172\" src=\"http:\/\/christoph-schumacher-klangkunst.de\/wp-content\/uploads\/2018\/09\/2013-KultShops_Montessori-GymcKultCrossing-261-200x300.jpg\" alt=\"\" width=\"200\" height=\"300\" srcset=\"https:\/\/christoph-schumacher-klangkunst.de\/wp-content\/uploads\/2018\/09\/2013-KultShops_Montessori-GymcKultCrossing-261-200x300.jpg 200w, https:\/\/christoph-schumacher-klangkunst.de\/wp-content\/uploads\/2018\/09\/2013-KultShops_Montessori-GymcKultCrossing-261-768x1152.jpg 768w, https:\/\/christoph-schumacher-klangkunst.de\/wp-content\/uploads\/2018\/09\/2013-KultShops_Montessori-GymcKultCrossing-261-683x1024.jpg 683w\" sizes=\"auto, (max-width: 200px) 100vw, 200px\" \/> <img loading=\"lazy\" decoding=\"async\" class=\"alignnone size-medium wp-image-173\" src=\"http:\/\/christoph-schumacher-klangkunst.de\/wp-content\/uploads\/2018\/09\/2013-KultShops_Montessori-GymcKultCrossing-281-300x131.jpg\" alt=\"\" width=\"300\" height=\"131\" srcset=\"https:\/\/christoph-schumacher-klangkunst.de\/wp-content\/uploads\/2018\/09\/2013-KultShops_Montessori-GymcKultCrossing-281-300x131.jpg 300w, https:\/\/christoph-schumacher-klangkunst.de\/wp-content\/uploads\/2018\/09\/2013-KultShops_Montessori-GymcKultCrossing-281-768x336.jpg 768w, https:\/\/christoph-schumacher-klangkunst.de\/wp-content\/uploads\/2018\/09\/2013-KultShops_Montessori-GymcKultCrossing-281-1024x448.jpg 1024w, https:\/\/christoph-schumacher-klangkunst.de\/wp-content\/uploads\/2018\/09\/2013-KultShops_Montessori-GymcKultCrossing-281-500x219.jpg 500w\" sizes=\"auto, (max-width: 300px) 100vw, 300px\" \/> <img loading=\"lazy\" decoding=\"async\" class=\"alignnone size-medium wp-image-174\" src=\"http:\/\/christoph-schumacher-klangkunst.de\/wp-content\/uploads\/2018\/09\/2013-KultShops_Montessori-GymcKultCrossing-321-300x200.jpg\" alt=\"\" width=\"300\" height=\"200\" srcset=\"https:\/\/christoph-schumacher-klangkunst.de\/wp-content\/uploads\/2018\/09\/2013-KultShops_Montessori-GymcKultCrossing-321-300x200.jpg 300w, https:\/\/christoph-schumacher-klangkunst.de\/wp-content\/uploads\/2018\/09\/2013-KultShops_Montessori-GymcKultCrossing-321-768x512.jpg 768w, https:\/\/christoph-schumacher-klangkunst.de\/wp-content\/uploads\/2018\/09\/2013-KultShops_Montessori-GymcKultCrossing-321-1024x683.jpg 1024w, https:\/\/christoph-schumacher-klangkunst.de\/wp-content\/uploads\/2018\/09\/2013-KultShops_Montessori-GymcKultCrossing-321-450x300.jpg 450w\" sizes=\"auto, (max-width: 300px) 100vw, 300px\" \/> <img loading=\"lazy\" decoding=\"async\" class=\"alignnone size-medium wp-image-175\" src=\"http:\/\/christoph-schumacher-klangkunst.de\/wp-content\/uploads\/2018\/09\/2013-KultShops_Montessori-GymcKultCrossing-331-300x200.jpg\" alt=\"\" width=\"300\" height=\"200\" srcset=\"https:\/\/christoph-schumacher-klangkunst.de\/wp-content\/uploads\/2018\/09\/2013-KultShops_Montessori-GymcKultCrossing-331-300x200.jpg 300w, https:\/\/christoph-schumacher-klangkunst.de\/wp-content\/uploads\/2018\/09\/2013-KultShops_Montessori-GymcKultCrossing-331-768x512.jpg 768w, https:\/\/christoph-schumacher-klangkunst.de\/wp-content\/uploads\/2018\/09\/2013-KultShops_Montessori-GymcKultCrossing-331-1024x683.jpg 1024w, https:\/\/christoph-schumacher-klangkunst.de\/wp-content\/uploads\/2018\/09\/2013-KultShops_Montessori-GymcKultCrossing-331-450x300.jpg 450w\" sizes=\"auto, (max-width: 300px) 100vw, 300px\" \/><\/p>\n<p><a href=\"http:\/\/christoph-schumacher-klangkunst.de\/wp-content\/uploads\/2018\/09\/2010-05-05-Werbepost-Kerpen-Trommeln-weckt-Teamgef\u00fchl.pdf\">2010-05-05 Werbepost Kerpen &#8211; Trommeln weckt Teamgef\u00fchl<\/a><\/p>\n<p><img loading=\"lazy\" decoding=\"async\" class=\"alignnone size-medium wp-image-183\" src=\"http:\/\/christoph-schumacher-klangkunst.de\/wp-content\/uploads\/2018\/09\/Besser-lernen-mit-Rhythmus-300x196.jpg\" alt=\"\" width=\"300\" height=\"196\" srcset=\"https:\/\/christoph-schumacher-klangkunst.de\/wp-content\/uploads\/2018\/09\/Besser-lernen-mit-Rhythmus-300x196.jpg 300w, https:\/\/christoph-schumacher-klangkunst.de\/wp-content\/uploads\/2018\/09\/Besser-lernen-mit-Rhythmus-768x502.jpg 768w, https:\/\/christoph-schumacher-klangkunst.de\/wp-content\/uploads\/2018\/09\/Besser-lernen-mit-Rhythmus-1024x669.jpg 1024w, https:\/\/christoph-schumacher-klangkunst.de\/wp-content\/uploads\/2018\/09\/Besser-lernen-mit-Rhythmus-459x300.jpg 459w, https:\/\/christoph-schumacher-klangkunst.de\/wp-content\/uploads\/2018\/09\/Besser-lernen-mit-Rhythmus.jpg 1143w\" sizes=\"auto, (max-width: 300px) 100vw, 300px\" \/><\/p>\n","protected":false},"excerpt":{"rendered":"<p>Beispiel f\u00fcr einen \u201eKurzworkshop\u201c Workshop &#8222;Die Trommeln sprechen lassen\u201c Eine andere Art, miteinander zu kommunizieren Thema und Inhalt: Afrika ist den meisten nur aus negativen Schlagzeilen bekannt, die einzigartige Kultur und Musiktradition finden bei uns ebenso wenig Beachtung. Dies soll &hellip; <a href=\"https:\/\/christoph-schumacher-klangkunst.de\/?page_id=149\">Weiterlesen <span class=\"meta-nav\">&rarr;<\/span><\/a><\/p>\n","protected":false},"author":1,"featured_media":0,"parent":0,"menu_order":0,"comment_status":"closed","ping_status":"closed","template":"","meta":{"footnotes":""},"class_list":["post-149","page","type-page","status-publish","hentry"],"_links":{"self":[{"href":"https:\/\/christoph-schumacher-klangkunst.de\/index.php?rest_route=\/wp\/v2\/pages\/149","targetHints":{"allow":["GET"]}}],"collection":[{"href":"https:\/\/christoph-schumacher-klangkunst.de\/index.php?rest_route=\/wp\/v2\/pages"}],"about":[{"href":"https:\/\/christoph-schumacher-klangkunst.de\/index.php?rest_route=\/wp\/v2\/types\/page"}],"author":[{"embeddable":true,"href":"https:\/\/christoph-schumacher-klangkunst.de\/index.php?rest_route=\/wp\/v2\/users\/1"}],"replies":[{"embeddable":true,"href":"https:\/\/christoph-schumacher-klangkunst.de\/index.php?rest_route=%2Fwp%2Fv2%2Fcomments&post=149"}],"version-history":[{"count":5,"href":"https:\/\/christoph-schumacher-klangkunst.de\/index.php?rest_route=\/wp\/v2\/pages\/149\/revisions"}],"predecessor-version":[{"id":184,"href":"https:\/\/christoph-schumacher-klangkunst.de\/index.php?rest_route=\/wp\/v2\/pages\/149\/revisions\/184"}],"wp:attachment":[{"href":"https:\/\/christoph-schumacher-klangkunst.de\/index.php?rest_route=%2Fwp%2Fv2%2Fmedia&parent=149"}],"curies":[{"name":"wp","href":"https:\/\/api.w.org\/{rel}","templated":true}]}}