{"id":147,"date":"2018-09-16T19:37:01","date_gmt":"2018-09-16T19:37:01","guid":{"rendered":"http:\/\/christoph-schumacher-klangkunst.de\/?page_id=147"},"modified":"2018-09-18T07:06:50","modified_gmt":"2018-09-18T07:06:50","slug":"trio-i-sea","status":"publish","type":"page","link":"https:\/\/christoph-schumacher-klangkunst.de\/?page_id=147","title":{"rendered":"Trio I Sea"},"content":{"rendered":"<p>&#8222;Das Trio &#8222;I Sea&#8220; entf\u00fchrte in l\u00e4ssig-entspannte, aber nicht minder kunstvolle Klangparadiese. Wie eine einzige leichtf\u00fc\u00dfige Traumwandlung durch phantastische Landschaften mutete das Programm des Trios an, und dennoch hob sich jedes St\u00fcck durch stimmungsvoll gestaltete Feinheiten ab. Nachdem sich der anfangs mit dem lockeren &#8222;Zenit&#8220; gespannte Bogen nach rund einer Stunde mit dem schw\u00e4rmerischen &#8222;Jona&#8220; (und der selbstverst\u00e4ndlich eingeforderten Zugabe) wieder senkte, blieb das Gef\u00fchl zur\u00fcck, hochtalentierten Musikern in ihrem Element beigewohnt zu haben, beim leidenschaftlichen Vortrag einer klanglich formvollendeten Herzensangelegenheit &#8211; stets zur\u00fcckhaltend, einf\u00fchlsam und mit einem geh\u00f6rigen Schuss Phantasie; ganz ohne forcierte Fingerakrobatik, ohne Blendwerk oder Firlefanz. Pure Musik, aufs Wesentliche reduziert, f\u00fcr all diejenigen, die sich auch ohne Bombast in mystischen Klangwelten verlieren k\u00f6nnen.&#8220; (Generalanzeiger Bonn 1\/2015)<\/p>\n","protected":false},"excerpt":{"rendered":"<p>&#8222;Das Trio &#8222;I Sea&#8220; entf\u00fchrte in l\u00e4ssig-entspannte, aber nicht minder kunstvolle Klangparadiese. Wie eine einzige leichtf\u00fc\u00dfige Traumwandlung durch phantastische Landschaften mutete das Programm des Trios an, und dennoch hob sich jedes St\u00fcck durch stimmungsvoll gestaltete Feinheiten ab. Nachdem sich der &hellip; <a href=\"https:\/\/christoph-schumacher-klangkunst.de\/?page_id=147\">Weiterlesen <span class=\"meta-nav\">&rarr;<\/span><\/a><\/p>\n","protected":false},"author":1,"featured_media":0,"parent":0,"menu_order":0,"comment_status":"closed","ping_status":"closed","template":"","meta":{"footnotes":""},"class_list":["post-147","page","type-page","status-publish","hentry"],"_links":{"self":[{"href":"https:\/\/christoph-schumacher-klangkunst.de\/index.php?rest_route=\/wp\/v2\/pages\/147","targetHints":{"allow":["GET"]}}],"collection":[{"href":"https:\/\/christoph-schumacher-klangkunst.de\/index.php?rest_route=\/wp\/v2\/pages"}],"about":[{"href":"https:\/\/christoph-schumacher-klangkunst.de\/index.php?rest_route=\/wp\/v2\/types\/page"}],"author":[{"embeddable":true,"href":"https:\/\/christoph-schumacher-klangkunst.de\/index.php?rest_route=\/wp\/v2\/users\/1"}],"replies":[{"embeddable":true,"href":"https:\/\/christoph-schumacher-klangkunst.de\/index.php?rest_route=%2Fwp%2Fv2%2Fcomments&post=147"}],"version-history":[{"count":3,"href":"https:\/\/christoph-schumacher-klangkunst.de\/index.php?rest_route=\/wp\/v2\/pages\/147\/revisions"}],"predecessor-version":[{"id":171,"href":"https:\/\/christoph-schumacher-klangkunst.de\/index.php?rest_route=\/wp\/v2\/pages\/147\/revisions\/171"}],"wp:attachment":[{"href":"https:\/\/christoph-schumacher-klangkunst.de\/index.php?rest_route=%2Fwp%2Fv2%2Fmedia&parent=147"}],"curies":[{"name":"wp","href":"https:\/\/api.w.org\/{rel}","templated":true}]}}