{"id":145,"date":"2018-09-16T19:36:45","date_gmt":"2018-09-16T19:36:45","guid":{"rendered":"http:\/\/christoph-schumacher-klangkunst.de\/?page_id=145"},"modified":"2024-03-12T17:49:13","modified_gmt":"2024-03-12T17:49:13","slug":"the-nonreturners","status":"publish","type":"page","link":"https:\/\/christoph-schumacher-klangkunst.de\/?page_id=145","title":{"rendered":"The Nonreturners"},"content":{"rendered":"<p>Wenn sich Rock, sph\u00e4rische Drones, tanzbare Avantgardekl\u00e4nge, kindliche Entdeckerfreude und erwachsener Anf\u00e4ngergeist zueinandergesellen k\u00e4me man einer Beschreibung der Musik des \u201eNon-Returners\u201c Quartetts ziemlich nahe.<\/p>\n<p>Viele Saiten, elektrisch verst\u00e4rkt und akustisch, Gitarren, B\u00e4sse, Schlagzeug, Percussion, Stimmen,&#8230;. \u00a0der Klangkosmos des Quartetts ist weit. Und unvorh\u00f6rbar.<\/p>\n<p><strong>The Non-Returners<\/strong>:<\/p>\n<p>&nbsp;<\/p>\n<p>&nbsp;<\/p>\n<p>Rolf Beydem\u00fcller \u2013 acoustic + electric guitars<\/p>\n<p>Mark Polscher \u2013 electric guitars<\/p>\n<p>Uwe Schumacher \u2013 bass. voice. electronics<\/p>\n<p>Christoph Schumacher \u2013 drums. percussion. Voice<\/p>\n\n\n<figure class=\"wp-block-image size-full is-resized\"><img loading=\"lazy\" decoding=\"async\" width=\"155\" height=\"155\" src=\"http:\/\/christoph-schumacher-klangkunst.de\/wp-content\/uploads\/2024\/03\/NR2018.jpg\" alt=\"\" class=\"wp-image-323\" style=\"width:233px;height:auto\" srcset=\"https:\/\/christoph-schumacher-klangkunst.de\/wp-content\/uploads\/2024\/03\/NR2018.jpg 155w, https:\/\/christoph-schumacher-klangkunst.de\/wp-content\/uploads\/2024\/03\/NR2018-150x150.jpg 150w\" sizes=\"auto, (max-width: 155px) 100vw, 155px\" \/><\/figure>\n\n\n\n<p>The Nonreturners 2019<\/p>\n\n\n\n<figure class=\"wp-block-image size-large is-resized\"><img loading=\"lazy\" decoding=\"async\" width=\"1024\" height=\"683\" src=\"http:\/\/christoph-schumacher-klangkunst.de\/wp-content\/uploads\/2024\/03\/L1110524-1024x683.jpg\" alt=\"\" class=\"wp-image-325\" style=\"width:419px;height:auto\" srcset=\"https:\/\/christoph-schumacher-klangkunst.de\/wp-content\/uploads\/2024\/03\/L1110524-1024x683.jpg 1024w, https:\/\/christoph-schumacher-klangkunst.de\/wp-content\/uploads\/2024\/03\/L1110524-300x200.jpg 300w, https:\/\/christoph-schumacher-klangkunst.de\/wp-content\/uploads\/2024\/03\/L1110524-768x513.jpg 768w, https:\/\/christoph-schumacher-klangkunst.de\/wp-content\/uploads\/2024\/03\/L1110524-1536x1025.jpg 1536w, https:\/\/christoph-schumacher-klangkunst.de\/wp-content\/uploads\/2024\/03\/L1110524-2048x1367.jpg 2048w, https:\/\/christoph-schumacher-klangkunst.de\/wp-content\/uploads\/2024\/03\/L1110524-450x300.jpg 450w\" sizes=\"auto, (max-width: 1024px) 100vw, 1024px\" \/><figcaption class=\"wp-element-caption\">Quartett 30.04.2015<\/figcaption><\/figure>\n","protected":false},"excerpt":{"rendered":"<p>Wenn sich Rock, sph\u00e4rische Drones, tanzbare Avantgardekl\u00e4nge, kindliche Entdeckerfreude und erwachsener Anf\u00e4ngergeist zueinandergesellen k\u00e4me man einer Beschreibung der Musik des \u201eNon-Returners\u201c Quartetts ziemlich nahe. Viele Saiten, elektrisch verst\u00e4rkt und akustisch, Gitarren, B\u00e4sse, Schlagzeug, Percussion, Stimmen,&#8230;. \u00a0der Klangkosmos des Quartetts ist &hellip; <a href=\"https:\/\/christoph-schumacher-klangkunst.de\/?page_id=145\">Weiterlesen <span class=\"meta-nav\">&rarr;<\/span><\/a><\/p>\n","protected":false},"author":1,"featured_media":0,"parent":0,"menu_order":0,"comment_status":"closed","ping_status":"closed","template":"","meta":{"footnotes":""},"class_list":["post-145","page","type-page","status-publish","hentry"],"_links":{"self":[{"href":"https:\/\/christoph-schumacher-klangkunst.de\/index.php?rest_route=\/wp\/v2\/pages\/145","targetHints":{"allow":["GET"]}}],"collection":[{"href":"https:\/\/christoph-schumacher-klangkunst.de\/index.php?rest_route=\/wp\/v2\/pages"}],"about":[{"href":"https:\/\/christoph-schumacher-klangkunst.de\/index.php?rest_route=\/wp\/v2\/types\/page"}],"author":[{"embeddable":true,"href":"https:\/\/christoph-schumacher-klangkunst.de\/index.php?rest_route=\/wp\/v2\/users\/1"}],"replies":[{"embeddable":true,"href":"https:\/\/christoph-schumacher-klangkunst.de\/index.php?rest_route=%2Fwp%2Fv2%2Fcomments&post=145"}],"version-history":[{"count":4,"href":"https:\/\/christoph-schumacher-klangkunst.de\/index.php?rest_route=\/wp\/v2\/pages\/145\/revisions"}],"predecessor-version":[{"id":326,"href":"https:\/\/christoph-schumacher-klangkunst.de\/index.php?rest_route=\/wp\/v2\/pages\/145\/revisions\/326"}],"wp:attachment":[{"href":"https:\/\/christoph-schumacher-klangkunst.de\/index.php?rest_route=%2Fwp%2Fv2%2Fmedia&parent=145"}],"curies":[{"name":"wp","href":"https:\/\/api.w.org\/{rel}","templated":true}]}}