{"id":112,"date":"2018-09-16T18:46:46","date_gmt":"2018-09-16T18:46:46","guid":{"rendered":"http:\/\/christoph-schumacher-klangkunst.de\/?page_id=112"},"modified":"2024-03-12T17:33:16","modified_gmt":"2024-03-12T17:33:16","slug":"projekte","status":"publish","type":"page","link":"https:\/\/christoph-schumacher-klangkunst.de\/?page_id=112","title":{"rendered":"Musicians Musician"},"content":{"rendered":"\n<p>Als Selbst\u00e4ndiger Musiker vor allem mit Schlagzeug und Perkussion spiele ich schon gut drei Jahrzehnte in vielen m\u00f6glichen Besetzungen und Genres.<\/p>\n\n\n\n<p>In Amerika w\u00fcrde man mich als einen &#8222;musicians musician&#8220; bezeichnen, den man gerne als Spielpartner f\u00fcr eine musikalische Session anfragt. Ich wiederum verstehe mich als einen Musiker, der das Zusammenspiel und den phantasievollen Austausch mit anderen Musikern liebt und braucht. Ungebremste Spielfreude und Neugier an assoziativen Kl\u00e4ngen ermuntern mich immer wieder dazu, die M\u00f6glichkeiten der Perkussion \u00fcber alle Genregrenzen hinweg neu zu entdecken.<\/p>\n","protected":false},"excerpt":{"rendered":"<p>Als Selbst\u00e4ndiger Musiker vor allem mit Schlagzeug und Perkussion spiele ich schon gut drei Jahrzehnte in vielen m\u00f6glichen Besetzungen und Genres. In Amerika w\u00fcrde man mich als einen &#8222;musicians musician&#8220; bezeichnen, den man gerne als Spielpartner f\u00fcr eine musikalische Session &hellip; <a href=\"https:\/\/christoph-schumacher-klangkunst.de\/?page_id=112\">Weiterlesen <span class=\"meta-nav\">&rarr;<\/span><\/a><\/p>\n","protected":false},"author":1,"featured_media":0,"parent":0,"menu_order":0,"comment_status":"closed","ping_status":"closed","template":"","meta":{"footnotes":""},"class_list":["post-112","page","type-page","status-publish","hentry"],"_links":{"self":[{"href":"https:\/\/christoph-schumacher-klangkunst.de\/index.php?rest_route=\/wp\/v2\/pages\/112","targetHints":{"allow":["GET"]}}],"collection":[{"href":"https:\/\/christoph-schumacher-klangkunst.de\/index.php?rest_route=\/wp\/v2\/pages"}],"about":[{"href":"https:\/\/christoph-schumacher-klangkunst.de\/index.php?rest_route=\/wp\/v2\/types\/page"}],"author":[{"embeddable":true,"href":"https:\/\/christoph-schumacher-klangkunst.de\/index.php?rest_route=\/wp\/v2\/users\/1"}],"replies":[{"embeddable":true,"href":"https:\/\/christoph-schumacher-klangkunst.de\/index.php?rest_route=%2Fwp%2Fv2%2Fcomments&post=112"}],"version-history":[{"count":4,"href":"https:\/\/christoph-schumacher-klangkunst.de\/index.php?rest_route=\/wp\/v2\/pages\/112\/revisions"}],"predecessor-version":[{"id":322,"href":"https:\/\/christoph-schumacher-klangkunst.de\/index.php?rest_route=\/wp\/v2\/pages\/112\/revisions\/322"}],"wp:attachment":[{"href":"https:\/\/christoph-schumacher-klangkunst.de\/index.php?rest_route=%2Fwp%2Fv2%2Fmedia&parent=112"}],"curies":[{"name":"wp","href":"https:\/\/api.w.org\/{rel}","templated":true}]}}