{"id":102,"date":"2018-09-16T14:03:03","date_gmt":"2018-09-16T14:03:03","guid":{"rendered":"http:\/\/christoph-schumacher-klangkunst.de\/?page_id=102"},"modified":"2018-09-17T07:32:47","modified_gmt":"2018-09-17T07:32:47","slug":"biographie-musiker","status":"publish","type":"page","link":"https:\/\/christoph-schumacher-klangkunst.de\/?page_id=102","title":{"rendered":"Biographie Musiker"},"content":{"rendered":"<p>Ein \u00dcberblick \u00fcber seine musikalischen T\u00e4tigkeiten:<\/p>\n<ul>\n<li>Ausbildung: Indische Rhythmik und Tabla (Thomas Hupp \/Musikhochschule W\u00fcrzburg und Massud Khan \/Afghanistan), Afrikanische Musik und Perkussion (Sampson Agyekum und Michel Kofi Mensah \/Ghana), Indonesisches Gamelan (Bettina Sahrmann RJM\/K\u00f6ln und Made Hood\/Bali), Intuitive Musik (Markus Stockhausen) und Obertongesang (Christian Bollmann), k\u00fcnstlerisches Curriculum (Menuhin Stiftung\/D\u00fcsseldorf).<\/li>\n<li>Kompositionen und musikalische Interpretationen f\u00fcr Theater Bitze \u2013 Susanne Berger, Jugendtheaterprojekte \u201eVierbeinige Kr\u00e4he\u201c- G\u00fcnther Gritzner, \u201eDie Reise nach Singala\u201c \u2013 Ulrich Kisters, u.a.<\/li>\n<li>mehrfache Auftritte beim \u201eFestival du the\u00e2tre pour developpement\u201c in Bukina Faso<\/li>\n<li>Tanzbegleitung und Performancearbeit (f\u00fcr Wilma Vesseur (NL\/CH, Stephania Cassetta (I), Susanne Peters (D\/F)<\/li>\n<li>Projekte u.a. mit Markus Stockhausen, Simon Stockhausen, Wilfried Kaets \/K\u00f6ln, Christian Bollmann (Obertonchor), Ruhama (NGL), \u201eWhite Canvas Quartett\u201c, Trio I sea, u.a.<\/li>\n<li>zahlreiche Ver\u00f6ffentlichungen auf CD sowie Aufnahmen f\u00fcr Rundfunk und Fernsehen<\/li>\n<li>Konzertreisen und Auftritte im In- und Ausland (u.a. S\u00fcdamerika, Ghana, Burkina Faso, Haiti, Russland, Mongolei und Schweiz).<\/li>\n<\/ul>\n","protected":false},"excerpt":{"rendered":"<p>Ein \u00dcberblick \u00fcber seine musikalischen T\u00e4tigkeiten: Ausbildung: Indische Rhythmik und Tabla (Thomas Hupp \/Musikhochschule W\u00fcrzburg und Massud Khan \/Afghanistan), Afrikanische Musik und Perkussion (Sampson Agyekum und Michel Kofi Mensah \/Ghana), Indonesisches Gamelan (Bettina Sahrmann RJM\/K\u00f6ln und Made Hood\/Bali), Intuitive Musik &hellip; <a href=\"https:\/\/christoph-schumacher-klangkunst.de\/?page_id=102\">Weiterlesen <span class=\"meta-nav\">&rarr;<\/span><\/a><\/p>\n","protected":false},"author":1,"featured_media":0,"parent":0,"menu_order":0,"comment_status":"closed","ping_status":"closed","template":"","meta":{"footnotes":""},"class_list":["post-102","page","type-page","status-publish","hentry"],"_links":{"self":[{"href":"https:\/\/christoph-schumacher-klangkunst.de\/index.php?rest_route=\/wp\/v2\/pages\/102","targetHints":{"allow":["GET"]}}],"collection":[{"href":"https:\/\/christoph-schumacher-klangkunst.de\/index.php?rest_route=\/wp\/v2\/pages"}],"about":[{"href":"https:\/\/christoph-schumacher-klangkunst.de\/index.php?rest_route=\/wp\/v2\/types\/page"}],"author":[{"embeddable":true,"href":"https:\/\/christoph-schumacher-klangkunst.de\/index.php?rest_route=\/wp\/v2\/users\/1"}],"replies":[{"embeddable":true,"href":"https:\/\/christoph-schumacher-klangkunst.de\/index.php?rest_route=%2Fwp%2Fv2%2Fcomments&post=102"}],"version-history":[{"count":2,"href":"https:\/\/christoph-schumacher-klangkunst.de\/index.php?rest_route=\/wp\/v2\/pages\/102\/revisions"}],"predecessor-version":[{"id":163,"href":"https:\/\/christoph-schumacher-klangkunst.de\/index.php?rest_route=\/wp\/v2\/pages\/102\/revisions\/163"}],"wp:attachment":[{"href":"https:\/\/christoph-schumacher-klangkunst.de\/index.php?rest_route=%2Fwp%2Fv2%2Fmedia&parent=102"}],"curies":[{"name":"wp","href":"https:\/\/api.w.org\/{rel}","templated":true}]}}